{"id":46096,"date":"2024-12-02T21:00:15","date_gmt":"2024-12-02T20:00:15","guid":{"rendered":"https:\/\/blog.brunnenbraeu.eu\/?page_id=46096"},"modified":"2024-12-10T20:02:40","modified_gmt":"2024-12-10T19:02:40","slug":"wortgewaltige-reportagen","status":"publish","type":"page","link":"https:\/\/blog.brunnenbraeu.eu\/?page_id=46096","title":{"rendered":"wortgewaltige Reportagen"},"content":{"rendered":"\n<p><em>Von <a href=\"https:\/\/blog.brunnenbraeu.eu\/?page_id=46093\" target=\"_blank\" rel=\"noreferrer noopener\">zarter Bierpoesie<\/a> zu atemlosen und mitrei\u00dfenden Reportagen. Warum ein Bier nicht einmal im Stil einer Sportreportage pr\u00e4sentieren? Schlie\u00dflich gibt es auch Brauwettbewerbe, bei denen die Brauerinnen und Brauer ihre besten Produkte einreichen und verkosten lassen.<\/em><\/p>\n\n\n\n<p><em>Klar kann man dann einen sachlichen, informativen, aber auch seelenlosen Bewertungsbogen ausf\u00fcllen. Man kann sich aber auch den Spa\u00df erlauben, das Bier wie ein ungeduldiger Sportreporter vorzustellen.<\/em><\/p>\n\n\n\n<figure class=\"wp-block-image size-large\"><img loading=\"lazy\" decoding=\"async\" width=\"1021\" height=\"1024\" src=\"https:\/\/blog.brunnenbraeu.eu\/wp-content\/uploads\/2024\/12\/wortgewaltige-Reportagen-1021x1024.jpg\" alt=\"\" class=\"wp-image-46177\" srcset=\"https:\/\/blog.brunnenbraeu.eu\/wp-content\/uploads\/2024\/12\/wortgewaltige-Reportagen-1021x1024.jpg 1021w, https:\/\/blog.brunnenbraeu.eu\/wp-content\/uploads\/2024\/12\/wortgewaltige-Reportagen-300x300.jpg 300w, https:\/\/blog.brunnenbraeu.eu\/wp-content\/uploads\/2024\/12\/wortgewaltige-Reportagen-150x150.jpg 150w, https:\/\/blog.brunnenbraeu.eu\/wp-content\/uploads\/2024\/12\/wortgewaltige-Reportagen-768x770.jpg 768w, https:\/\/blog.brunnenbraeu.eu\/wp-content\/uploads\/2024\/12\/wortgewaltige-Reportagen.jpg 1063w\" sizes=\"auto, (max-width: 1021px) 100vw, 1021px\" \/><\/figure>\n\n\n\n<div style=\"height:30px\" aria-hidden=\"true\" class=\"wp-block-spacer\"><\/div>\n\n\n\n<p class=\"has-text-align-center\"><em>Da bekommt dann die Kombination Bier und Fu\u00dfball eine ganz neue Bedeutung!<\/em><\/p>\n\n\n\n<div style=\"height:30px\" aria-hidden=\"true\" class=\"wp-block-spacer\"><\/div>\n\n\n\n<p><strong>Ja, sind wir denn hier im Stadion?<\/strong><\/p>\n\n\n\n<p>Wir schalten in den Taproom zu Tester Horst:<\/p>\n\n\n\n<p>\u201e\u2026 hat Brauer Istv\u00e1n \u010cerny, genannt \u201ader Jugo\u2018, ja wieder einen rausgehauen! Hinter den bunten Etiketten trippelten die Aromen schon ungeduldig und warteten auf den Anpfiff. Nach Aufrei\u00dfen der Dose jagten Hopfen und Malz ungest\u00fcm auf das Spielfeld. Hitzig und etwas unkoordiniert preschen sie jetzt vor.<\/p>\n\n\n\n<p>Vorteil f\u00fcr das Malz! Auf der Zungenspitze markiert es seine kraftvolle S\u00fc\u00dfe. Mensch, so kennen wir diese Wuchtbrumme, weiter so, weiter!<\/p>\n\n\n\n<p>Doch nein, was ist das denn? Es gleitet ab am Zungenrand, das darf doch nicht wahr sein, es verliert die Kontrolle, der Hopfen kommt von hinten, \u00fcberrennt es, \u00fcberrennt es!<\/p>\n\n\n\n<p>Befeuert von prickelnder Kohlens\u00e4ure jagt er davon, dr\u00fcckt Zungenr\u00fccken und Gaumen seinen Stempel auf, ein irrer Schlusssprint, er nimmt er alle IBUs zusammen und \u2026 Jaaah! Furztrocken zieht er ab. B\u00c4MM! Knallhart h\u00e4mmert die Bittere in den Rachen, dass das Z\u00e4pfchen nur so wackelt.<\/p>\n\n\n\n<p>Was f\u00fcr ein furioses Finale, meine lieben Mittrinker, wer h\u00e4tte das nach diesem Auftakt gedacht! Ein denkw\u00fcrdiges Resultat, an das sich die Sensoriker noch manchen Samstagnachmittag wehm\u00fctig erinnern werden.<\/p>\n\n\n\n<p>Ich gebe zur\u00fcck ins Brauhaus.\u201c<\/p>\n\n\n\n<div style=\"height:30px\" aria-hidden=\"true\" class=\"wp-block-spacer\"><\/div>\n\n\n\n<hr class=\"wp-block-separator has-alpha-channel-opacity\"\/>\n\n\n\n<p class=\"has-text-align-center\">Diesen Text muss man h\u00f6ren, nicht nur lesen! Wollt Ihr? Bei einer Lesung?<br>Gerne auch \u201ema\u00dfgeschneidert\u201c f\u00fcr Euer Bier oder Eure Veranstaltung!<\/p>\n\n\n\n<p class=\"has-text-align-center\">Dann kontaktiert mich doch einfach!<\/p>\n\n\n\n<p class=\"has-text-align-center\"><strong>Volker, der Bierliterat<\/strong><br>+49 176 4570 9422<br><a href=\"mailto:cbo@brunnenbraeu.de\" target=\"_blank\" rel=\"noreferrer noopener\">cbo@brunnenbraeu.de<\/a><br><a href=\"https:\/\/www.facebook.com\/Brunnenbraeu\/\" target=\"_blank\" rel=\"noreferrer noopener\">https:\/\/www.facebook.com\/Brunnenbraeu<\/a><br><a href=\"https:\/\/www.instagram.com\/brunnenbraeu\/\" target=\"_blank\" rel=\"noreferrer noopener\">https:\/\/www.instagram.com\/brunnenbraeu<\/a><br><a href=\"https:\/\/x.com\/brunnenbraeu\" target=\"_blank\" rel=\"noreferrer noopener\">https:\/\/x.com\/brunnenbraeu<\/a><\/p>\n","protected":false},"excerpt":{"rendered":"<div class=\"mh-excerpt\"><p>Von zarter Bierpoesie zu atemlosen und mitrei\u00dfenden Reportagen. Warum ein Bier nicht einmal im Stil einer Sportreportage pr\u00e4sentieren? Schlie\u00dflich gibt es auch Brauwettbewerbe, bei denen die Brauerinnen und Brauer ihre besten Produkte einreichen und verkosten lassen. Klar kann man dann einen sachlichen, informativen, aber auch seelenlosen Bewertungsbogen ausf\u00fcllen. Man kann <a class=\"mh-excerpt-more\" href=\"https:\/\/blog.brunnenbraeu.eu\/?page_id=46096\" title=\"wortgewaltige Reportagen\">[&#8230;]<\/a><\/p>\n<\/div>","protected":false},"author":1,"featured_media":46177,"parent":46069,"menu_order":0,"comment_status":"closed","ping_status":"closed","template":"","meta":{"footnotes":""},"class_list":["post-46096","page","type-page","status-publish","has-post-thumbnail"],"_links":{"self":[{"href":"https:\/\/blog.brunnenbraeu.eu\/index.php?rest_route=\/wp\/v2\/pages\/46096","targetHints":{"allow":["GET"]}}],"collection":[{"href":"https:\/\/blog.brunnenbraeu.eu\/index.php?rest_route=\/wp\/v2\/pages"}],"about":[{"href":"https:\/\/blog.brunnenbraeu.eu\/index.php?rest_route=\/wp\/v2\/types\/page"}],"author":[{"embeddable":true,"href":"https:\/\/blog.brunnenbraeu.eu\/index.php?rest_route=\/wp\/v2\/users\/1"}],"replies":[{"embeddable":true,"href":"https:\/\/blog.brunnenbraeu.eu\/index.php?rest_route=%2Fwp%2Fv2%2Fcomments&post=46096"}],"version-history":[{"count":6,"href":"https:\/\/blog.brunnenbraeu.eu\/index.php?rest_route=\/wp\/v2\/pages\/46096\/revisions"}],"predecessor-version":[{"id":46181,"href":"https:\/\/blog.brunnenbraeu.eu\/index.php?rest_route=\/wp\/v2\/pages\/46096\/revisions\/46181"}],"up":[{"embeddable":true,"href":"https:\/\/blog.brunnenbraeu.eu\/index.php?rest_route=\/wp\/v2\/pages\/46069"}],"wp:featuredmedia":[{"embeddable":true,"href":"https:\/\/blog.brunnenbraeu.eu\/index.php?rest_route=\/wp\/v2\/media\/46177"}],"wp:attachment":[{"href":"https:\/\/blog.brunnenbraeu.eu\/index.php?rest_route=%2Fwp%2Fv2%2Fmedia&parent=46096"}],"curies":[{"name":"wp","href":"https:\/\/api.w.org\/{rel}","templated":true}]}}