{"id":52,"date":"2014-12-31T15:30:52","date_gmt":"2014-12-31T14:30:52","guid":{"rendered":"http:\/\/blog.brunnenbraeu.eu\/?page_id=52"},"modified":"2018-11-12T20:27:58","modified_gmt":"2018-11-12T19:27:58","slug":"bier-vor-ort","status":"publish","type":"page","link":"https:\/\/blog.brunnenbraeu.eu\/?page_id=52","title":{"rendered":"Bier vor Ort"},"content":{"rendered":"<p style=\"text-align: justify;\">Brauereibesuche und \u2013 wenn sich die Gelegenheit bietet \u2013 Brauereibesichtigungen sind immer wieder ein Erlebnis. Nicht nur, dass man am Ort seiner Entstehung das jeweilige Bier perfekt serviert bekommt (Wer wei\u00df denn besser, wie man ein Bier pr\u00e4sentiert und zapft, damit es seinen Geschmack auch voll zur Geltung bringt, als der Braumeister pers\u00f6nlich?), nein, es ist auch die einzigartige Brauerei-Atmosph\u00e4re, die den Bierliebhaber immer wieder an die St\u00e4tten der Produktion seines Lieblingsgetr\u00e4nks zieht. Uralte, l\u00e4ngst schon vergessen geglaubte Technik, modernste Elektronik, liebevoll gepflegte und blitzende Kupfer-, Emaille- und Fliesenfl\u00e4chen, urige Bierkeller, st\u00e4hlern gl\u00e4nzende Lagertanks, eichene Holzf\u00e4sser \u2013 es gibt unendlich viele M\u00f6glichkeiten, Bier zu produzieren, abzuf\u00fcllen, zu lagern und nicht zuletzt zu pr\u00e4sentieren und auszuschenken.<\/p>\n<p style=\"text-align: justify;\">Unter der Kategorie <span style=\"text-decoration: underline;\"><span style=\"color: #0000ff; text-decoration: underline;\"><a style=\"color: #0000ff; text-decoration: underline;\" href=\"https:\/\/blog.brunnenbraeu.eu\/?cat=6\" target=\"_blank\" rel=\"noopener\">Bier vor Ort<\/a><\/span><\/span> habe ich meine vielen, vielen hundert Brauereibesuche dokumentiert* \u2013 manchmal nur mit kurzen Worten und wenigen Bildern, wenn ich keine Zeit hatte und nur mal eben im Vor\u00fcbergehen hineinschauen konnte, oder wenn die Batterien meiner Kamera mal wieder leer waren, manchmal aber auch in umfangreichen und detaillierten Bilderserien, wenn Zeit und Gelegenheit f\u00fcr eine ausf\u00fchrliche Besichtigung war. So oder so m\u00f6chte ich Euch mit diesen Alben und Berichten einen Eindruck von der Vielfalt des Brauereiwesens geben.<\/p>\n<p style=\"text-align: justify;\">Erg\u00e4nzt werden die Brauereien durch Bierbars, Bierg\u00e4rten und Bierfachgesch\u00e4fte \u2013 also alle Pl\u00e4tze, an denen Bier \u201evor Ort\u201c zu seiner Geltung kommt.<\/p>\n<p style=\"text-align: justify;\">Die Texte zu den verschiedenen Lokalit\u00e4ten geben meine ganz pers\u00f6nliche Meinung wieder. Mal absolut zufrieden und \u00fcberschw\u00e4nglich, mal eher zur\u00fcckhaltend-distanziert. Meistens irgendwo dazwischen. Auch wenn vielleicht der eine oder andere Gast einer bestimmten Brauerei oder einer bestimmten Bar einen anderen Eindruck hatte, oder wenn gar ein Brauer, Gesch\u00e4ftsf\u00fchrer oder Inhaber sich von einem vielleicht nicht ganz so positiven Text auf den Schlips getreten f\u00fchlen mag \u2013 ich stehe zu meiner Meinung. So subjektiv, wie eine Meinung immer ist. Und daher \u00e4u\u00dfere ich sie auch.<\/p>\n<p style=\"text-align: justify;\">Und noch einmal ausdr\u00fccklich an die Adresse der Brauer, Gesch\u00e4ftsf\u00fchrer oder Inhaber der von mir beschriebenen Brauereien, Bierbars, Bierg\u00e4rten oder Biergesch\u00e4fte gerichtet: Wer eine von mir nicht ausdr\u00fccklich positiv formulierte Meinungs\u00e4u\u00dferung gleich als Beleidigung sieht und dann pikiert, wenn nicht gar pampig und selber beleidigend reagiert (und leider ist das im Einzelfall schon geschehen\u2026), der m\u00f6ge bitte einmal nachdenken, wer denn derjenige ist, der zu seinem Lebensunterhalt beitr\u00e4gt. Eben: Der Gast beziehungsweise Kunde! Der ist es n\u00e4mlich, der zahlt und der f\u00fcr sein Geld eine anst\u00e4ndige Leistung erwarten darf. Und den Gast zufrieden zu stellen, das sollte demnach das oberste Ziel jedes Brauers, Gastronomen oder Gesch\u00e4ftsf\u00fchrers sein. Und nicht der Kampf um Stolz und Eitelkeit.<\/p>\n<p style=\"text-align: justify;\">Nehmt Euch in einem solchen Fall also am besten ein Beispiel am diesem Text, den ich einmal aus einer Speisekarte abfotografiert habe:<\/p>\n<figure style=\"width: 266px\" class=\"wp-caption aligncenter\"><a id=\"set-post-thumbnail\" class=\"thickbox\" title=\"Set featured image\" href=\"https:\/\/www.brunnenbraeu.org\/Dokumente\/Bier%20vor%20Ort%20-%20Kundenorientierung.JPG\" target=\"_blank\" rel=\"noopener\"><img loading=\"lazy\" decoding=\"async\" class=\"attachment-post-thumbnail\" src=\"https:\/\/blog.brunnenbraeu.eu\/wp-content\/uploads\/Miniatur7.jpg\" alt=\"Kundenorientierung\" width=\"266\" height=\"123\" \/><\/a><figcaption class=\"wp-caption-text\">Kundenorientierung<\/figcaption><\/figure>\n<h6 class=\"hide-if-no-js\" style=\"text-align: center;\"><em>Der Gast\u00a0\u2013 ist der wichtigste Mensch in unserem Hause! Der Gast\u00a0\u2013 ist frei, er h\u00e4ngt nicht von uns ab, wir sind von ihm abh\u00e4ngig! Der Gast \u2013 ist Gesch\u00e4ftsfreund, er bel\u00e4stigt uns nicht! Der Gast \u2013 ist Sinn unserer Arbeit! Der Gast \u2013 ist K\u00f6nig, und er tut uns einen Gefallen, wenn wir f\u00fcr ihn arbeiten d\u00fcrfen!<br \/>\nWir bedanken uns f\u00fcr Ihren Besuch. Wenn Sie nicht zufrieden sind, sagen Sie es uns bitte gleich. Nur so k\u00f6nnen wir unseren Service verbessern.<\/em><\/h6>\n<p style=\"text-align: justify;\">Leider ist in Deutschland solches am Kunden und am Gast orientiertes Denken noch verh\u00e4ltnism\u00e4\u00dfig selten.<\/p>\n<p style=\"text-align: justify;\">Aber trotz allem und gl\u00fccklicherweise waren es bisher nur Einzelf\u00e4lle, dass meine Kritik falsch verstanden wurde \u2013 fast alle Brauereien, Lokale und L\u00e4den haben durchweg positiv auf meine Meinung und meine Wertung reagiert.<\/p>\n<p style=\"text-align: justify;\">Kommt aber nun mit auf eine Reise zum Ursprung unseres Bieres!<\/p>\n<p style=\"text-align: justify;\">Wenn Ihr auf Eurem Rechner \u201eGoogle Earth\u201c installiert haben, dann lasst uns die von mir besuchten Brauereien doch erst einmal virtuell anfliegen \u2013 ein Klick <span style=\"text-decoration: underline;\"><span style=\"color: #0000ff;\"><a style=\"color: #0000ff; text-decoration: underline;\" href=\"https:\/\/www.brunnenbraeu.org\/Dokumente\/Bier%20vor%20Ort%20-%20Brauerei-Layer.kmz\" target=\"_blank\" rel=\"noopener\">hier<\/a><\/span><\/span> gen\u00fcgt. Rund um den Globus (allerdings doch deutlich auf Europa fokussiert, mit wenigen Ausnahmen in Nordamerika, Ostafrika und S\u00fcdostasien) findet Ihr sonnenf\u00f6rmige Symbole oder Stecknadeln, die die \u201eBier-vor-Ort\u201c-Orte deutlich markieren, die ich bereits besucht habe: Brauereien in <span style=\"color: #ffff00;\"><strong>gelb<\/strong><\/span>, Bierbars und Bierg\u00e4rten in <span style=\"color: #00ff00;\"><strong>gr\u00fcn<\/strong><\/span>, Gesch\u00e4fte und Museen in <strong><span style=\"color: #999999;\">wei\u00df<\/span><\/strong> und \u2013 traurig genug \u2013 geschlossene Brauereien, Gesch\u00e4fte, Bars oder Museen in <span style=\"color: #ff0000;\"><strong>rot<\/strong><\/span>. Und mit einem Klick auf das jeweilige Symbol kommt Ihr direkt zu dem dazugeh\u00f6rigen Kurzbericht von mir und dem ebenfalls dazugeh\u00f6rigen Fotoalbum.**<\/p>\n<p style=\"text-align: justify;\">Und wenn Ihr lieber sofort die Kurzberichte lesen oder durch die Fotoalben bl\u00e4ttern wollt, oder wenn Ihr ganz systematisch nach Kategorie oder Datum vorgehen wollt, dann empfehle ich Euch die Kategorie <span style=\"text-decoration: underline;\"><span style=\"color: #0000ff; text-decoration: underline;\"><a style=\"color: #0000ff; text-decoration: underline;\" href=\"https:\/\/blog.brunnenbraeu.eu\/?cat=6\" target=\"_blank\" rel=\"noopener\">Bier vor Ort<\/a><\/span><\/span> rechts. Und zum <span style=\"text-decoration: underline;\"><span style=\"color: #0000ff;\"><a style=\"color: #0000ff; text-decoration: underline;\" href=\"https:\/\/www.brunnenbraeu.org\/Dokumente\/Bier%20vor%20Ort%20-%20Brauerei-Layer.kmz\" target=\"_blank\" rel=\"noopener\">virtuellen Rundflug mit Google Earth<\/a><\/span><\/span> k\u00f6nnt Ihr ja jederzeit wieder hierher zur\u00fcckkehren!<\/p>\n<p style=\"text-align: justify;\">Als kleine Erg\u00e4nzung habe ich noch einen <span style=\"text-decoration: underline;\"><span style=\"color: #0000ff; text-decoration: underline;\"><a style=\"color: #0000ff; text-decoration: underline;\" href=\"https:\/\/www.google.com\/maps\/d\/viewer?dg=feature&amp;msa=0&amp;mid=zNNQODD_dbLo.kwtUX3Djx4Tc\" target=\"_blank\" rel=\"noopener\">Link<\/a><\/span><\/span> zu einer <span style=\"text-decoration: underline;\"><span style=\"color: #0000ff; text-decoration: underline;\"><a style=\"color: #0000ff; text-decoration: underline;\" href=\"https:\/\/www.google.com\/maps\/d\/viewer?dg=feature&amp;msa=0&amp;mid=zNNQODD_dbLo.kwtUX3Djx4Tc\" target=\"_blank\" rel=\"noopener\">Google-Maps-Landkarte<\/a><\/span><\/span> geschaltet, in der Bier-Enthusiasten Adressen f\u00fcr gutes Craft-Bier in Deutschland und \u00d6sterreich finden (Dank an Martin Dambach!). Aber Obacht, die in diese Karte eingezeichneten Informationen stammen nicht von mir, sondern sind von einer Community gesammelt, insofern gebe ich (unter anderem aus rechtlichen Gr\u00fcnden\u2026) keine Garantie, dass sie stimmen. Bei meinem eigenen Bier-vor-Ort-Layer war ich immer pers\u00f6nlich vor Ort und habe die Situation zum Zeitpunkt meines Besuchs versucht, korrekt zu beschreiben.<\/p>\n<p style=\"text-align: justify;\">Und noch eine zweite Erg\u00e4nzung habe ich: Das Magazin <span style=\"text-decoration: underline;\"><span style=\"color: #0000ff; text-decoration: underline;\"><a style=\"color: #0000ff; text-decoration: underline;\" href=\"https:\/\/www.hopfenhelden.de\" target=\"_blank\" rel=\"noopener\">Hopfenhelden<\/a><\/span><\/span> hat ebenfalls eine sch\u00f6ne interaktive Craft Beer Karte entwickelt, die mehrere hundert Craft Beer Bars, Brauereien, Gesch\u00e4fte und Ereignisse enth\u00e4lt. Bequem anklickbar. Aber auch hier gilt nat\u00fcrlich die gleiche Einschr\u00e4nkung wie bei Martin Dambachs Link \u2013 die in dieser Karte enthaltenen Informationen stammen nicht von mir, ich habe daher auch keinen unmittelbaren Einfluss auf die Inhalte und kann f\u00fcr Fehler nicht geradestehen. Trotzdem: Viel Spa\u00df mit dieser gut gemachten Karte!<\/p>\n<p><!-- XXXXXXXXXXXXXXXXXXXXXXXXXXXXXXXXXXXXXXXXXXXXXXXXXXXXXXXXXXXXXXXXXXXXXXXXXXXXXXXXXXXXXXXXXXXXXXXXX Der folgende, mit iframe gekennzeichnete Abschnitt bindet die Craft Beer Map in den Code der Seite ein. Sollte die Karte also irgendwann einmal nicht mehr ben\u00f6tigt werden (oder wegen mangelnder Aktualit\u00e4t rausgeschmissen werden m\u00fcssen), dann gen\u00fcgt es, die anderthalb Zeilen zu l\u00f6schen (und nat\u00fcrlich den Absatz davor zu redigieren oder ebenfalls zu l\u00f6schen. XXXXXXXXXXXXXXXXXXXXXXXXXXXXXXXXXXXXXXXXXXXXXXXXXXXXXXXXXXXXXXXXXXXXXXXXXXXXXXXXXXXXXXXXXXXXXXXXXX--><\/p>\n<p><iframe loading=\"lazy\" style=\"border-style: none; width: 100%; height: 758px;\" src=\"https:\/\/www.hopfenhelden.de\/hbm-iframe\" width=\"300\" height=\"150\" scrolling=\"no\"><\/iframe><\/p>\n<p><!-- XXXXXXXXXXXXXXXXXXXXXXXXXXXXXXXXXXXXXXXXXXXXXXXXXXXXXXXXXXXXXXXXXXXXXXXXXXXXXXXXXXXXXXXXXXXXXXXXX Ende des iframe Abschnitts XXXXXXXXXXXXXXXXXXXXXXXXXXXXXXXXXXXXXXXXXXXXXXXXXXXXXXXXXXXXXXXXXXXXXXXXXXXXXXXXXXXXXXXXXXXXXXXXXX--><\/p>\n<h6 style=\"text-align: justify;\">* Noch nicht alle Berichte sind von meinen beiden alten Internet-Seiten transferiert und unmittelbar hier zug\u00e4nglich, aber \u00fcber den Google-Earth-Layer <span style=\"text-decoration: underline;\"><span style=\"color: #0000ff;\"><a style=\"color: #0000ff; text-decoration: underline;\" href=\"https:\/\/www.brunnenbraeu.org\/Dokumente\/Bier%20vor%20Ort%20-%20Brauerei-Layer.kmz\" target=\"_blank\" rel=\"noopener\">hier<\/a><\/span><\/span> sind sie eigentlich alle erreichbar.<\/h6>\n<h6 style=\"text-align: justify;\">** Sollte im Einzelfall ein Bericht nicht aufrufbar sein, dann liegt das an einem Crash meiner alten Homepage zum Jahreswechsel 2014 \/ 2015, an dessen Folgen ich wohl noch lange arbeiten werde. Wenn Ihr besonderes Interesse an einer Lokalit\u00e4t habt, wo kein Bericht verf\u00fcgbar zu sein scheint, bitte ich um kurze eMail-Nachricht <span style=\"text-decoration: underline;\"><span style=\"color: #0000ff; text-decoration: underline;\"><a style=\"color: #0000ff; text-decoration: underline;\" href=\"mailto:cbo@brunnenbraeu.de\" target=\"_blank\" rel=\"noopener\">hier<\/a><\/span><\/span>, und dann werde ich das schnellstm\u00f6glich in Ordnung bringen.<\/h6>\n<p><span style=\"border-radius: 2px; text-indent: 20px; width: auto; padding: 0px 4px 0px 0px; text-align: center; font: bold 11px\/20px 'Helvetica Neue',Helvetica,sans-serif; color: #ffffff; background: #bd081c no-repeat scroll 3px 50% \/ 14px 14px; position: absolute; opacity: 1; z-index: 8675309; display: none; cursor: pointer;\">Merken<\/span><\/p>\n<p><span style=\"border-radius: 2px; text-indent: 20px; width: auto; padding: 0px 4px 0px 0px; text-align: center; font: bold 11px\/20px 'Helvetica Neue',Helvetica,sans-serif; color: #ffffff; background: #bd081c no-repeat scroll 3px 50% \/ 14px 14px; position: absolute; opacity: 1; z-index: 8675309; display: none; cursor: pointer;\">Merken<\/span><\/p>\n<p><span style=\"border-radius: 2px; text-indent: 20px; width: auto; padding: 0px 4px 0px 0px; text-align: center; font: bold 11px\/20px 'Helvetica Neue',Helvetica,sans-serif; color: #ffffff; background: #bd081c no-repeat scroll 3px 50% \/ 14px 14px; position: absolute; opacity: 1; z-index: 8675309; display: none; cursor: pointer;\">Merken<\/span><\/p>\n<p><span style=\"border-radius: 2px; text-indent: 20px; width: auto; padding: 0px 4px 0px 0px; text-align: center; font: bold 11px\/20px 'Helvetica Neue',Helvetica,sans-serif; color: #ffffff; background: #bd081c no-repeat scroll 3px 50% \/ 14px 14px; position: absolute; opacity: 1; z-index: 8675309; display: none; cursor: pointer;\">Merken<\/span><\/p>\n","protected":false},"excerpt":{"rendered":"<div class=\"mh-excerpt\"><p>Brauereibesuche und \u2013 wenn sich die Gelegenheit bietet \u2013 Brauereibesichtigungen sind immer wieder ein Erlebnis. Nicht nur, dass man am Ort seiner Entstehung das jeweilige Bier perfekt serviert bekommt (Wer wei\u00df denn besser, wie man ein Bier pr\u00e4sentiert und zapft, damit es seinen Geschmack auch voll zur Geltung bringt, als <a class=\"mh-excerpt-more\" href=\"https:\/\/blog.brunnenbraeu.eu\/?page_id=52\" title=\"Bier vor Ort\">[&#8230;]<\/a><\/p>\n<\/div>","protected":false},"author":1,"featured_media":0,"parent":0,"menu_order":0,"comment_status":"open","ping_status":"closed","template":"","meta":{"footnotes":""},"class_list":["post-52","page","type-page","status-publish"],"_links":{"self":[{"href":"https:\/\/blog.brunnenbraeu.eu\/index.php?rest_route=\/wp\/v2\/pages\/52","targetHints":{"allow":["GET"]}}],"collection":[{"href":"https:\/\/blog.brunnenbraeu.eu\/index.php?rest_route=\/wp\/v2\/pages"}],"about":[{"href":"https:\/\/blog.brunnenbraeu.eu\/index.php?rest_route=\/wp\/v2\/types\/page"}],"author":[{"embeddable":true,"href":"https:\/\/blog.brunnenbraeu.eu\/index.php?rest_route=\/wp\/v2\/users\/1"}],"replies":[{"embeddable":true,"href":"https:\/\/blog.brunnenbraeu.eu\/index.php?rest_route=%2Fwp%2Fv2%2Fcomments&post=52"}],"version-history":[{"count":0,"href":"https:\/\/blog.brunnenbraeu.eu\/index.php?rest_route=\/wp\/v2\/pages\/52\/revisions"}],"wp:attachment":[{"href":"https:\/\/blog.brunnenbraeu.eu\/index.php?rest_route=%2Fwp%2Fv2%2Fmedia&parent=52"}],"curies":[{"name":"wp","href":"https:\/\/api.w.org\/{rel}","templated":true}]}}