{"id":70,"date":"2015-01-02T07:16:22","date_gmt":"2015-01-02T06:16:22","guid":{"rendered":"http:\/\/blog.brunnenbraeu.eu\/?page_id=70"},"modified":"2025-01-12T11:54:45","modified_gmt":"2025-01-12T10:54:45","slug":"impressum","status":"publish","type":"page","link":"https:\/\/blog.brunnenbraeu.eu\/?page_id=70","title":{"rendered":"Impressum"},"content":{"rendered":"\n<p class=\"has-text-align-center\"><strong>Angaben gem\u00e4\u00df \u00a7 5 TMG:<\/strong><\/p>\n\n\n\n<p class=\"has-text-align-center\">Dies ist ein privat betriebener Blog von<\/p>\n\n\n\n<p class=\"has-text-align-center\">Volker R. Quante<\/p>\n\n\n\n<p class=\"has-text-align-center\"><strong>Kontakt:<\/strong><\/p>\n\n\n\n<p class=\"has-text-align-center\">Nordwall 8<br>31 515 Wunstorf<br>Bundesrepublik Deutschland<br>+49 176 4570 9422<\/p>\n\n\n\n<p class=\"has-text-align-center\"><span style=\"text-decoration: underline;\"><span style=\"color: #0000ff;\"><a style=\"color: #0000ff; text-decoration: underline;\" href=\"mailto:cbo@brunnenbraeu.de\" target=\"_blank\" rel=\"noopener\">cbo@brunnenbraeu.de<\/a><\/span><\/span><\/p>\n\n\n\n<figure class=\"wp-block-image size-large\"><img loading=\"lazy\" decoding=\"async\" width=\"1024\" height=\"338\" src=\"https:\/\/blog.brunnenbraeu.eu\/wp-content\/uploads\/2024\/12\/Logo-laengs-1024x338.jpg\" alt=\"\" class=\"wp-image-46283\" srcset=\"https:\/\/blog.brunnenbraeu.eu\/wp-content\/uploads\/2024\/12\/Logo-laengs-1024x338.jpg 1024w, https:\/\/blog.brunnenbraeu.eu\/wp-content\/uploads\/2024\/12\/Logo-laengs-300x99.jpg 300w, https:\/\/blog.brunnenbraeu.eu\/wp-content\/uploads\/2024\/12\/Logo-laengs-150x49.jpg 150w, https:\/\/blog.brunnenbraeu.eu\/wp-content\/uploads\/2024\/12\/Logo-laengs-768x253.jpg 768w, https:\/\/blog.brunnenbraeu.eu\/wp-content\/uploads\/2024\/12\/Logo-laengs.jpg 1289w\" sizes=\"auto, (max-width: 1024px) 100vw, 1024px\" \/><\/figure>\n\n\n\n<div style=\"height:30px\" aria-hidden=\"true\" class=\"wp-block-spacer\"><\/div>\n\n\n\n<p class=\"has-text-align-center\"><strong>Verantwortlich f\u00fcr den Inhalt nach \u00a7 55 Abs. 2 RStV:<\/strong><\/p>\n\n\n\n<p>Es handelt sich um einen privaten Netzauftritt, f\u00fcr dessen Inhalt ich selbst nach \u00a7 55 Abs. 2 RStV verantwortlich bin.<\/p>\n\n\n\n<p class=\"has-text-align-center\"><strong>Haftung f\u00fcr Inhalte:<\/strong><\/p>\n\n\n\n<p>Als Diensteanbieter bin ich gem\u00e4\u00df \u00a7 7 Abs.1 TMG f\u00fcr eigene Inhalte auf diesen Seiten nach den allgemeinen Gesetzen verantwortlich. Nach \u00a7\u00a7 8 bis 10 TMG bin ich als Diensteanbieter jedoch nicht verpflichtet, \u00fcbermittelte oder gespeicherte fremde Informationen zu \u00fcberwachen oder nach Umst\u00e4nden zu forschen, die auf eine rechtswidrige T\u00e4tigkeit hinweisen.<\/p>\n\n\n\n<p>Verpflichtungen zur Entfernung oder Sperrung der Nutzung von Informationen nach den allgemeinen Gesetzen bleiben hiervon unber\u00fchrt. Eine diesbez\u00fcgliche Haftung ist jedoch erst ab dem Zeitpunkt der Kenntnis einer konkreten Rechtsverletzung m\u00f6glich. Bei Bekanntwerden von entsprechenden Rechtsverletzungen werde ich diese Inhalte umgehend entfernen.<\/p>\n\n\n\n<p class=\"has-text-align-center\"><strong>Haftung f\u00fcr Links<\/strong><\/p>\n\n\n\n<p>Mein Angebot enth\u00e4lt Links zu externen Websites Dritter, auf deren Inhalte ich keinen Einfluss habe. Deshalb kann ich f\u00fcr diese fremden Inhalte auch keine Gew\u00e4hr \u00fcbernehmen. F\u00fcr die Inhalte der verlinkten Seiten ist stets der jeweilige Anbieter oder Betreiber der Seiten verantwortlich. Die verlinkten Seiten wurden zum Zeitpunkt der Verlinkung auf m\u00f6gliche Rechtsverst\u00f6\u00dfe \u00fcberpr\u00fcft. Rechtswidrige Inhalte waren zum Zeitpunkt der Verlinkung nicht erkennbar.<\/p>\n\n\n\n<p>Eine permanente inhaltliche Kontrolle der verlinkten Seiten ist jedoch ohne konkrete Anhaltspunkte einer Rechtsverletzung nicht zumutbar. Bei Bekanntwerden von Rechtsverletzungen werde ich derartige Links umgehend entfernen.<\/p>\n\n\n\n<p class=\"has-text-align-center\"><strong>Urheberrecht<\/strong><\/p>\n\n\n\n<p>Die durch den Seitenbetreiber erstellten Inhalte und Werke auf diesen Seiten unterliegen dem deutschen Urheberrecht. Die Vervielf\u00e4ltigung, Bearbeitung, Verbreitung und jede Art der Verwertung au\u00dferhalb der Grenzen des Urheberrechtes bed\u00fcrfen der schriftlichen Zustimmung des jeweiligen Autors bzw. Erstellers. Downloads und Kopien dieser Seite sind nur f\u00fcr den privaten, nicht kommerziellen Gebrauch gestattet.<\/p>\n\n\n\n<p>Soweit die Inhalte auf dieser Seite nicht vom Betreiber erstellt wurden, werden die Urheberrechte Dritter beachtet. Insbesondere werden Inhalte Dritter als solche gekennzeichnet. Solltest Du trotzdem auf eine Urheberrechtsverletzung aufmerksam werden, bitte ich um einen entsprechenden Hinweis. Bei Bekanntwerden von Rechtsverletzungen werde ich derartige Inhalte umgehend entfernen.<\/p>\n\n\n\n<p>Erstellt mit Hilfe des Impressum-Generators der <span style=\"color: #0000ff;\"><a style=\"color: #0000ff;\" href=\"https:\/\/www.e-recht24.de\/impressum-generator.html\" target=\"_blank\" rel=\"noopener\">eRecht24 Gmbh &amp; Co. KG<\/a><\/span><\/p>\n\n\n\n<p class=\"has-text-align-center\"><strong>Pers\u00f6nlicher Wunsch<\/strong><\/p>\n\n\n\n<p>Im \u00dcbrigen freue ich mich unter der oben genannten eMail-Adresse \u00fcber jede Zuschrift, jede R\u00fcckkopplung und jeden Verbesserungsvorschlag \u2013 und wenn Du auf Deiner eigenen Website eine Verkn\u00fcpfung zu meiner Seite einf\u00fcgen m\u00f6chtest, sei Dir das von ganzem Herzen gestattet. Ich bitte nur um eine kurze Information und einen Link zu der Stelle auf der die Verkn\u00fcpfung stehen wird, per eMail, und darum, dass, wenn mein Logo dabei verwendet werden sollte, dessen Gestaltung und Farbe unver\u00e4ndert bleiben.<\/p>\n","protected":false},"excerpt":{"rendered":"<div class=\"mh-excerpt\"><p>Angaben gem\u00e4\u00df \u00a7 5 TMG: Dies ist ein privat betriebener Blog von Volker R. Quante Kontakt: Nordwall 831 515 WunstorfBundesrepublik Deutschland+49 176 4570 9422 cbo@brunnenbraeu.de Verantwortlich f\u00fcr den Inhalt nach \u00a7 55 Abs. 2 RStV: Es handelt sich um einen privaten Netzauftritt, f\u00fcr dessen Inhalt ich selbst nach \u00a7 55 <a class=\"mh-excerpt-more\" href=\"https:\/\/blog.brunnenbraeu.eu\/?page_id=70\" title=\"Impressum\">[&#8230;]<\/a><\/p>\n<\/div>","protected":false},"author":1,"featured_media":0,"parent":0,"menu_order":0,"comment_status":"open","ping_status":"closed","template":"","meta":{"footnotes":""},"class_list":["post-70","page","type-page","status-publish"],"_links":{"self":[{"href":"https:\/\/blog.brunnenbraeu.eu\/index.php?rest_route=\/wp\/v2\/pages\/70","targetHints":{"allow":["GET"]}}],"collection":[{"href":"https:\/\/blog.brunnenbraeu.eu\/index.php?rest_route=\/wp\/v2\/pages"}],"about":[{"href":"https:\/\/blog.brunnenbraeu.eu\/index.php?rest_route=\/wp\/v2\/types\/page"}],"author":[{"embeddable":true,"href":"https:\/\/blog.brunnenbraeu.eu\/index.php?rest_route=\/wp\/v2\/users\/1"}],"replies":[{"embeddable":true,"href":"https:\/\/blog.brunnenbraeu.eu\/index.php?rest_route=%2Fwp%2Fv2%2Fcomments&post=70"}],"version-history":[{"count":5,"href":"https:\/\/blog.brunnenbraeu.eu\/index.php?rest_route=\/wp\/v2\/pages\/70\/revisions"}],"predecessor-version":[{"id":46306,"href":"https:\/\/blog.brunnenbraeu.eu\/index.php?rest_route=\/wp\/v2\/pages\/70\/revisions\/46306"}],"wp:attachment":[{"href":"https:\/\/blog.brunnenbraeu.eu\/index.php?rest_route=%2Fwp%2Fv2%2Fmedia&parent=70"}],"curies":[{"name":"wp","href":"https:\/\/api.w.org\/{rel}","templated":true}]}}